{"id":2,"date":"2024-03-09T19:33:29","date_gmt":"2024-03-09T19:33:29","guid":{"rendered":"https:\/\/geeksmob.com\/?page_id=2"},"modified":"2024-03-09T19:33:29","modified_gmt":"2024-03-09T19:33:29","slug":"beispielseite","status":"publish","type":"page","link":"https:\/\/geeksmob.com\/de\/sample-page\/","title":{"rendered":"Beispielseite"},"content":{"rendered":"<p>Dies ist eine Beispielseite. Es unterscheidet sich von einem Blogbeitrag, da es an einer Stelle bleibt und (in den meisten Designs) in Ihrer Site-Navigation angezeigt wird. Die meisten Leute beginnen mit einer Infoseite, die sie potenziellen Site-Besuchern vorstellt. Es k\u00f6nnte etwa so lauten:<\/p>\n\n\n\n<blockquote class=\"wp-block-quote is-layout-flow wp-block-quote-is-layout-flow\"><p>Hallo! Tags\u00fcber bin ich Fahrradkurier, nachts aufstrebender Schauspieler und dies ist meine Website. Ich lebe in Los Angeles, habe einen tollen Hund namens Jack und ich mag Pi\u00f1a Coladas. (Und im Regen stehen bleiben.)<\/p><\/blockquote>\n\n\n\n<p>\u2026oder so etwas wie das hier:<\/p>\n\n\n\n<blockquote class=\"wp-block-quote is-layout-flow wp-block-quote-is-layout-flow\"><p>Die XYZ Doohickey Company wurde 1971 gegr\u00fcndet und versorgt die \u00d6ffentlichkeit seitdem mit hochwertigen Doohickeys. XYZ hat seinen Sitz in Gotham City, besch\u00e4ftigt \u00fcber 2.000 Mitarbeiter und leistet allerlei gro\u00dfartige Arbeit f\u00fcr die Gotham-Community.<\/p><\/blockquote>\n\n\n\n<p>Als neuer WordPress-Benutzer sollten Sie zu <a href=\"https:\/\/geeksmob.com\/wp-admin\/\">Ihr Dashboard<\/a> um diese Seite zu l\u00f6schen und neue Seiten f\u00fcr Ihren Inhalt zu erstellen. Viel Spa\u00df!<\/p>","protected":false},"excerpt":{"rendered":"<p>This is an example page. It&#8217;s different from a blog post because it will stay in one place and will show up in your site navigation (in most themes). Most people start with an About page that introduces them to potential site visitors. It might say something like this: Hi there! I&#8217;m a bike messenger [&hellip;]<\/p>\n","protected":false},"author":1,"featured_media":0,"parent":0,"menu_order":0,"comment_status":"closed","ping_status":"open","template":"","meta":{"footnotes":""},"class_list":["post-2","page","type-page","status-publish"],"_links":{"self":[{"href":"https:\/\/geeksmob.com\/de\/wp-json\/wp\/v2\/pages\/2","targetHints":{"allow":["GET"]}}],"collection":[{"href":"https:\/\/geeksmob.com\/de\/wp-json\/wp\/v2\/pages"}],"about":[{"href":"https:\/\/geeksmob.com\/de\/wp-json\/wp\/v2\/types\/page"}],"author":[{"embeddable":true,"href":"https:\/\/geeksmob.com\/de\/wp-json\/wp\/v2\/users\/1"}],"replies":[{"embeddable":true,"href":"https:\/\/geeksmob.com\/de\/wp-json\/wp\/v2\/comments?post=2"}],"version-history":[{"count":0,"href":"https:\/\/geeksmob.com\/de\/wp-json\/wp\/v2\/pages\/2\/revisions"}],"wp:attachment":[{"href":"https:\/\/geeksmob.com\/de\/wp-json\/wp\/v2\/media?parent=2"}],"curies":[{"name":"wp","href":"https:\/\/api.w.org\/{rel}","templated":true}]}}