{"id":364,"date":"2024-03-13T02:44:44","date_gmt":"2024-03-13T02:44:44","guid":{"rendered":"https:\/\/geeksmob.com\/?page_id=364"},"modified":"2024-03-13T02:44:45","modified_gmt":"2024-03-13T02:44:45","slug":"uvjeti-koristenja","status":"publish","type":"page","link":"https:\/\/geeksmob.com\/hr\/termos-de-uso\/","title":{"rendered":"Uvjeti kori\u0161tenja"},"content":{"rendered":"<p>Ako nastavite pregledavati i koristiti ovu web stranicu, suglasni ste da \u0107ete se pridr\u017eavati sljede\u0107ih uvjeta i odredbi, koji zajedno s na\u0161om politikom privatnosti ure\u0111uju Geeksmobov odnos s vama, te se sla\u017eete s njima.<\/p>\n\n\n\n<p>Ako se ne sla\u017eete s bilo kojim dijelom ovih uvjeta i odredbi, nemojte koristiti na\u0161u web stranicu.<\/p>\n\n\n\n<p>Kori\u0161tenje ove web stranice podlije\u017ee sljede\u0107im uvjetima kori\u0161tenja:<\/p>\n\n\n\n<p>Sadr\u017eaj stranica ove web stranice slu\u017ei samo za va\u0161e op\u0107e informacije i kori\u0161tenje. Podlo\u017eno je promjenama bez prethodne najave. Niti mi niti bilo koje tre\u0107e strane ne daju nikakva jamstva ili garancije u pogledu to\u010dnosti, pravodobnosti, izvedbe, potpunosti ili prikladnosti informacija i materijala koji se nalaze ili nude na ovoj web stranici za bilo koju posebnu svrhu. Va\u0161e kori\u0161tenje bilo kojih informacija ili materijala na ovoj web stranici u potpunosti je na vlastitu odgovornost, za \u0161to mi ne\u0107emo biti odgovorni. S vremena na vrijeme ova web stranica mo\u017ee uklju\u010divati i poveznice na druge web stranice. Ovi linkovi su dani kako bi vam olak\u0161ali pru\u017eanje dodatnih informacija. Ne snosimo nikakvu odgovornost za sadr\u017eaj povezanih web stranica.<\/p>","protected":false},"excerpt":{"rendered":"<p>Se voc\u00ea continuar navegando e usando este site, concorda em cumprir e ficar vinculado aos seguintes termos e condi\u00e7\u00f5es de uso, que, juntamente com nossa pol\u00edtica de privacidade, regem o relacionamento do Geeksmob com voc\u00ea. Se voc\u00ea discordar de qualquer parte destes termos e condi\u00e7\u00f5es, n\u00e3o use nosso site. O uso deste site est\u00e1 sujeito [&hellip;]<\/p>\n","protected":false},"author":1,"featured_media":0,"parent":0,"menu_order":0,"comment_status":"closed","ping_status":"closed","template":"","meta":{"footnotes":""},"class_list":["post-364","page","type-page","status-publish"],"_links":{"self":[{"href":"https:\/\/geeksmob.com\/hr\/wp-json\/wp\/v2\/pages\/364","targetHints":{"allow":["GET"]}}],"collection":[{"href":"https:\/\/geeksmob.com\/hr\/wp-json\/wp\/v2\/pages"}],"about":[{"href":"https:\/\/geeksmob.com\/hr\/wp-json\/wp\/v2\/types\/page"}],"author":[{"embeddable":true,"href":"https:\/\/geeksmob.com\/hr\/wp-json\/wp\/v2\/users\/1"}],"replies":[{"embeddable":true,"href":"https:\/\/geeksmob.com\/hr\/wp-json\/wp\/v2\/comments?post=364"}],"version-history":[{"count":1,"href":"https:\/\/geeksmob.com\/hr\/wp-json\/wp\/v2\/pages\/364\/revisions"}],"predecessor-version":[{"id":365,"href":"https:\/\/geeksmob.com\/hr\/wp-json\/wp\/v2\/pages\/364\/revisions\/365"}],"wp:attachment":[{"href":"https:\/\/geeksmob.com\/hr\/wp-json\/wp\/v2\/media?parent=364"}],"curies":[{"name":"wp","href":"https:\/\/api.w.org\/{rel}","templated":true}]}}