{"id":362,"date":"2024-03-13T02:41:50","date_gmt":"2024-03-13T02:41:50","guid":{"rendered":"https:\/\/geeksmob.com\/?page_id=362"},"modified":"2024-03-13T02:41:51","modified_gmt":"2024-03-13T02:41:51","slug":"%d2%9b%d2%b1%d0%bf%d0%b8%d1%8f%d0%bb%d1%8b%d0%bb%d1%8b%d2%9b-%d1%81%d0%b0%d1%8f%d1%81%d0%b0%d1%82%d1%8b","status":"publish","type":"page","link":"https:\/\/geeksmob.com\/kk\/politica-de-privacidade\/","title":{"rendered":"\u049a\u04b1\u043f\u0438\u044f\u043b\u044b\u043b\u044b\u049b \u0441\u0430\u044f\u0441\u0430\u0442\u044b"},"content":{"rendered":"<p>Geeksmob-\u049b\u0430 \u049b\u043e\u0448 \u043a\u0435\u043b\u0434\u0456\u04a3\u0456\u0437. \u0411\u04b1\u043b \u049b\u04b1\u043f\u0438\u044f\u043b\u044b\u043b\u044b\u049b \u0441\u0430\u044f\u0441\u0430\u0442\u044b \u0441\u0456\u0437 \u0431\u0456\u0437\u0434\u0456\u04a3 \u0432\u0435\u0431-\u0441\u0430\u0439\u0442\u049b\u0430 \u043a\u0456\u0440\u0433\u0435\u043d\u0434\u0435 \u043d\u0435\u043c\u0435\u0441\u0435 \u043f\u0430\u0439\u0434\u0430\u043b\u0430\u043d\u0493\u0430\u043d\u0434\u0430 \u0441\u0456\u0437 \u0442\u0443\u0440\u0430\u043b\u044b \u0430\u049b\u043f\u0430\u0440\u0430\u0442\u0442\u044b \u049b\u0430\u043b\u0430\u0439 \u0436\u0438\u043d\u0430\u0439\u0442\u044b\u043d\u044b\u043c\u044b\u0437\u0434\u044b, \u043f\u0430\u0439\u0434\u0430\u043b\u0430\u043d\u0430\u0442\u044b\u043d\u044b\u043c\u044b\u0437\u0434\u044b \u0436\u04d9\u043d\u0435 \u0431\u04e9\u043b\u0456\u0441\u0435\u0442\u0456\u043d\u0456\u043c\u0456\u0437\u0434\u0456 \u0441\u0438\u043f\u0430\u0442\u0442\u0430\u0439\u0434\u044b.<\/p>\n\n\n\n<ol class=\"wp-block-list\">\n<li>\u0416\u0435\u043a\u0435 \u0430\u049b\u043f\u0430\u0440\u0430\u0442\u0442\u044b \u0436\u0438\u043d\u0430\u0439\u0442\u044b\u043d \u0430\u049b\u043f\u0430\u0440\u0430\u0442: \u0416\u0430\u04a3\u0430\u0440\u0442\u0443\u043b\u0430\u0440\u0493\u0430 \u0442\u0456\u0440\u043a\u0435\u043b\u0433\u0435\u043d\u0434\u0435 \u043d\u0435\u043c\u0435\u0441\u0435 \u0431\u0456\u0437\u0431\u0435\u043d \u0431\u0430\u0441\u049b\u0430\u0448\u0430 \u0431\u0430\u0439\u043b\u0430\u043d\u044b\u0441\u049b\u0430\u043d\u0434\u0430 \u0430\u0442\u044b\u04a3\u044b\u0437, \u044d\u043b\u0435\u043a\u0442\u0440\u043e\u043d\u0434\u044b\u049b \u043f\u043e\u0448\u0442\u0430 \u043c\u0435\u043a\u0435\u043d\u0436\u0430\u0439\u044b\u04a3\u044b\u0437 \u0436\u04d9\u043d\u0435 \u0431\u0430\u0441\u049b\u0430 \u0431\u0430\u0439\u043b\u0430\u043d\u044b\u0441 \u0430\u049b\u043f\u0430\u0440\u0430\u0442\u044b \u0441\u0438\u044f\u049b\u0442\u044b \u04e9\u0437 \u0435\u0440\u043a\u0456\u04a3\u0456\u0437\u0431\u0435\u043d \u0431\u0435\u0440\u0435\u0442\u0456\u043d \u0436\u0435\u043a\u0435 \u0430\u049b\u043f\u0430\u0440\u0430\u0442\u0442\u044b \u0436\u0438\u043d\u0430\u0439\u043c\u044b\u0437. \u041f\u0430\u0439\u0434\u0430\u043b\u0430\u043d\u0443 \u0434\u0435\u0440\u0435\u043a\u0442\u0435\u0440\u0456: \u049a\u04b1\u0440\u044b\u043b\u0493\u044b \u0442\u04af\u0440\u0456, \u0432\u0435\u0431-\u0448\u043e\u043b\u0493\u044b\u0448, \u043a\u0456\u0440\u0433\u0435\u043d \u0431\u0435\u0442\u0442\u0435\u0440, \u0431\u0430\u0441\u0443\u043b\u0430\u0440, \u043f\u0430\u0439\u0434\u0430\u043b\u0430\u043d\u0443 \u04af\u043b\u0433\u0456\u043b\u0435\u0440\u0456 \u0436\u04d9\u043d\u0435 \u0431\u0430\u0441\u049b\u0430 \u043f\u0430\u0439\u0434\u0430\u043b\u0430\u043d\u0443 \u0430\u049b\u043f\u0430\u0440\u0430\u0442\u044b\u043d \u049b\u043e\u0441\u0430, \u0421\u0430\u0439\u0442\u049b\u0430 \u043a\u0456\u0440\u0443 \u0436\u04d9\u043d\u0435 \u043f\u0430\u0439\u0434\u0430\u043b\u0430\u043d\u0443 \u0442\u0443\u0440\u0430\u043b\u044b \u0430\u049b\u043f\u0430\u0440\u0430\u0442\u0442\u044b \u0430\u0432\u0442\u043e\u043c\u0430\u0442\u0442\u044b \u0442\u04af\u0440\u0434\u0435 \u0436\u0438\u043d\u0430\u0439\u043c\u044b\u0437. Cookie \u0444\u0430\u0439\u043b\u0434\u0430\u0440\u044b \u0436\u04d9\u043d\u0435 \u0431\u0430\u049b\u044b\u043b\u0430\u0443 \u0442\u0435\u0445\u043d\u043e\u043b\u043e\u0433\u0438\u044f\u043b\u0430\u0440\u044b: \u0411\u0456\u0437 \u0441\u0456\u0437\u0434\u0456\u04a3 \u0442\u04d9\u0436\u0456\u0440\u0438\u0431\u0435\u04a3\u0456\u0437\u0434\u0456 \u0436\u0435\u043a\u0435\u043b\u0435\u043d\u0434\u0456\u0440\u0443 \u0436\u04d9\u043d\u0435 \u0432\u0435\u0431-\u0441\u0430\u0439\u0442\u043f\u0435\u043d \u0436\u04d9\u043d\u0435 \u043a\u04e9\u0440\u0441\u0435\u0442\u0456\u043b\u0435\u0442\u0456\u043d \u0436\u0430\u0440\u043d\u0430\u043c\u0430\u043b\u0430\u0440\u043c\u0435\u043d \u04d9\u0440\u0435\u043a\u0435\u0442\u0442\u0435\u0441\u0443\u0456\u04a3\u0456\u0437 \u0442\u0443\u0440\u0430\u043b\u044b \u0434\u0435\u0440\u0435\u043a\u0442\u0435\u0440\u0434\u0456 \u0436\u0438\u043d\u0430\u0443 \u04af\u0448\u0456\u043d cookie \u0444\u0430\u0439\u043b\u0434\u0430\u0440\u044b \u043c\u0435\u043d \u0431\u0430\u049b\u044b\u043b\u0430\u0443 \u0442\u0435\u0445\u043d\u043e\u043b\u043e\u0433\u0438\u044f\u043b\u0430\u0440\u044b\u043d \u049b\u043e\u043b\u0434\u0430\u043d\u0430\u043c\u044b\u0437.<\/li>\n\n\n\n<li>\u0410\u049b\u043f\u0430\u0440\u0430\u0442\u0442\u044b \u043f\u0430\u0439\u0434\u0430\u043b\u0430\u043d\u0443 \u0411\u0456\u0437 \u0441\u0456\u0437\u0434\u0456\u04a3 \u0430\u049b\u043f\u0430\u0440\u0430\u0442\u0442\u044b \u043a\u0435\u043b\u0435\u0441\u0456 \u043c\u0430\u049b\u0441\u0430\u0442\u0442\u0430\u0440\u0434\u0430 \u043f\u0430\u0439\u0434\u0430\u043b\u0430\u043d\u0430\u043c\u044b\u0437:<\/li>\n<\/ol>\n\n\n\n<p>\u0411\u0456\u0437\u0434\u0456\u04a3 \u0432\u0435\u0431-\u0441\u0430\u0439\u0442 \u043f\u0435\u043d \u049b\u044b\u0437\u043c\u0435\u0442\u0442\u0435\u0440\u0434\u0456 \u049b\u0430\u043c\u0442\u0430\u043c\u0430\u0441\u044b\u0437 \u0435\u0442\u0456\u04a3\u0456\u0437, \u049b\u043e\u043b\u0434\u0430\u04a3\u044b\u0437 \u0436\u04d9\u043d\u0435 \u0436\u0435\u0442\u0456\u043b\u0434\u0456\u0440\u0456\u04a3\u0456\u0437. \u0421\u0456\u0437\u0431\u0435\u043d \u0441\u04e9\u0439\u043b\u0435\u0441\u0456\u04a3\u0456\u0437, \u0441\u04b1\u0440\u0430\u049b\u0442\u0430\u0440\u044b\u04a3\u044b\u0437 \u0431\u0435\u043d \u04e9\u0442\u0456\u043d\u0456\u0448\u0442\u0435\u0440\u0456\u04a3\u0456\u0437\u0433\u0435 \u0436\u0430\u0443\u0430\u043f \u0431\u0435\u0440\u0456\u04a3\u0456\u0437. \u0416\u0435\u043a\u0435\u043b\u0435\u043d\u0434\u0456\u0440\u0456\u043b\u0433\u0435\u043d \u0436\u0430\u0440\u043d\u0430\u043c\u0430\u043b\u0430\u0440\u0434\u044b \u043a\u04e9\u0440\u0441\u0435\u0442\u0443 \u0436\u04d9\u043d\u0435 \u0434\u0435\u0440\u0435\u043a\u0442\u0435\u0440\u0434\u0456 \u0442\u0430\u043b\u0434\u0430\u0443.<\/p>\n\n\n\n<ol class=\"wp-block-list\" start=\"3\">\n<li>\u0410\u049b\u043f\u0430\u0440\u0430\u0442\u043f\u0435\u043d \u0431\u04e9\u043b\u0456\u0441\u0443 \u0411\u0456\u0437 \u0441\u0456\u0437\u0434\u0456\u04a3 \u0430\u049b\u043f\u0430\u0440\u0430\u0442\u044b\u04a3\u044b\u0437\u0434\u044b \u043a\u0435\u043b\u0435\u0441\u0456 \u0436\u0430\u0493\u0434\u0430\u0439\u043b\u0430\u0440\u0434\u0430 \u04af\u0448\u0456\u043d\u0448\u0456 \u0442\u04b1\u043b\u0493\u0430\u043b\u0430\u0440\u043c\u0435\u043d \u0431\u04e9\u043b\u0456\u0441\u0435 \u0430\u043b\u0430\u043c\u044b\u0437:<\/li>\n<\/ol>\n\n\n\n<p>\u049a\u044b\u0437\u043c\u0435\u0442 \u043f\u0440\u043e\u0432\u0430\u0439\u0434\u0435\u0440\u043b\u0435\u0440\u0456: \u0411\u0456\u0437 \u0432\u0435\u0431-\u0445\u043e\u0441\u0442\u0438\u043d\u0433 \u0436\u04d9\u043d\u0435 \u0434\u0435\u0440\u0435\u043a\u0442\u0435\u0440\u0434\u0456 \u0442\u0430\u043b\u0434\u0430\u0443 \u0441\u0438\u044f\u049b\u0442\u044b \u0441\u0430\u0439\u0442\u0442\u044b \u0431\u0430\u0441\u049b\u0430\u0440\u0443\u0493\u0430 \u043a\u04e9\u043c\u0435\u043a\u0442\u0435\u0441\u0435\u0442\u0456\u043d \u0436\u0435\u0442\u043a\u0456\u0437\u0443\u0448\u0456\u043b\u0435\u0440\u043c\u0435\u043d \u0430\u049b\u043f\u0430\u0440\u0430\u0442\u0442\u044b \u0431\u04e9\u043b\u0456\u0441\u0435\u043c\u0456\u0437. Google Ad Exchange: Google Ad Exchange \u0430\u0440\u049b\u044b\u043b\u044b \u0436\u0430\u0440\u043d\u0430\u043c\u0430\u043b\u0430\u0440\u0434\u044b \u043a\u04e9\u0440\u0441\u0435\u0442\u0443 \u04af\u0448\u0456\u043d \u049b\u0430\u0436\u0435\u0442. \u0417\u0430\u04a3\u0434\u044b \u0441\u04d9\u0439\u043a\u0435\u0441\u0442\u0456\u043a: \u0417\u0430\u04a3\u0434\u044b \u0441\u0430\u049b\u0442\u0430\u0443 \u043d\u0435\u043c\u0435\u0441\u0435 \u0441\u043e\u0442 \u043f\u0440\u043e\u0446\u0435\u0441\u0456\u043d\u0435 \u0436\u0430\u0443\u0430\u043f \u0431\u0435\u0440\u0443 \u049b\u0430\u0436\u0435\u0442 \u0431\u043e\u043b\u0493\u0430\u043d\u0434\u0430.<\/p>\n\n\n\n<ol class=\"wp-block-list\" start=\"4\">\n<li>Google AdSense Google AdSense \u0448\u0430\u0440\u0442\u0442\u0430\u0440\u044b\u043d\u0430 \u0441\u04d9\u0439\u043a\u0435\u0441, Google \u04af\u0448\u0456\u043d\u0448\u0456 \u0442\u0430\u0440\u0430\u043f \u0436\u0435\u0442\u043a\u0456\u0437\u0443\u0448\u0456\u0441\u0456 \u0440\u0435\u0442\u0456\u043d\u0434\u0435 \u0432\u0435\u0431-\u0441\u0430\u0439\u0442\u044b\u043c\u044b\u0437\u0434\u0430 \u0436\u0430\u0440\u043d\u0430\u043c\u0430\u043b\u0430\u0440\u0434\u044b \u043a\u04e9\u0440\u0441\u0435\u0442\u0443 \u04af\u0448\u0456\u043d cookie \u0444\u0430\u0439\u043b\u0434\u0430\u0440\u044b\u043d \u043f\u0430\u0439\u0434\u0430\u043b\u0430\u043d\u0430\u0442\u044b\u043d\u044b\u043d \u0445\u0430\u0431\u0430\u0440\u043b\u0430\u0439\u043c\u044b\u0437. Google-\u0434\u044b\u04a3 DART cookie \u0444\u0430\u0439\u043b\u044b\u043d \u043f\u0430\u0439\u0434\u0430\u043b\u0430\u043d\u0443\u044b \u043e\u043d\u044b\u04a3 \u0431\u0456\u0437\u0434\u0456\u04a3 \u0441\u0430\u0439\u0442\u049b\u0430 \u0436\u04d9\u043d\u0435 \u0418\u043d\u0442\u0435\u0440\u043d\u0435\u0442\u0442\u0435\u0433\u0456 \u0431\u0430\u0441\u049b\u0430 \u0441\u0430\u0439\u0442\u0442\u0430\u0440\u0493\u0430 \u0431\u04b1\u0440\u044b\u043d\u0493\u044b \u043a\u0456\u0440\u0443\u043b\u0435\u0440\u0456\u043d\u0435 \u043d\u0435\u0433\u0456\u0437\u0434\u0435\u043b\u0433\u0435\u043d \u0431\u0456\u0437\u0434\u0456\u04a3 \u043f\u0430\u0439\u0434\u0430\u043b\u0430\u043d\u0443\u0448\u044b\u043b\u0430\u0440\u0493\u0430 \u0436\u0430\u0440\u043d\u0430\u043c\u0430\u043b\u0430\u0440\u0434\u044b \u04b1\u0441\u044b\u043d\u0443\u0493\u0430 \u043c\u04af\u043c\u043a\u0456\u043d\u0434\u0456\u043a \u0431\u0435\u0440\u0435\u0434\u0456. \u041f\u0430\u0439\u0434\u0430\u043b\u0430\u043d\u0443\u0448\u044b\u043b\u0430\u0440 Google Ad and Content Network \u049b\u04b1\u043f\u0438\u044f\u043b\u044b\u043b\u044b\u049b \u0441\u0430\u044f\u0441\u0430\u0442\u044b\u043d\u0430 \u043a\u0456\u0440\u0443 \u0430\u0440\u049b\u044b\u043b\u044b DART cookie \u0444\u0430\u0439\u043b\u044b\u043d \u043f\u0430\u0439\u0434\u0430\u043b\u0430\u043d\u0443\u0434\u0430\u043d \u0431\u0430\u0441 \u0442\u0430\u0440\u0442\u0430 \u0430\u043b\u0430\u0434\u044b.<\/li>\n\n\n\n<li>\u049a\u04b1\u043f\u0438\u044f\u043b\u044b\u049b \u0441\u0430\u044f\u0441\u0430\u0442\u044b\u043d\u0430 \u04e9\u0437\u0433\u0435\u0440\u0456\u0441\u0442\u0435\u0440 \u0411\u0456\u0437 \u049a\u04b1\u043f\u0438\u044f\u043b\u044b\u049b \u0441\u0430\u044f\u0441\u0430\u0442\u044b\u043c\u044b\u0437\u0434\u044b \u043c\u0435\u0437\u0433\u0456\u043b-\u043c\u0435\u0437\u0433\u0456\u043b \u0436\u0430\u04a3\u0430\u0440\u0442\u044b\u043f \u043e\u0442\u044b\u0440\u0443\u044b\u043c\u044b\u0437 \u043c\u04af\u043c\u043a\u0456\u043d. \u041e\u0441\u044b \u0431\u0435\u0442\u0442\u0435 \u0436\u0430\u04a3\u0430 \u049a\u04b1\u043f\u0438\u044f\u043b\u044b\u049b \u0441\u0430\u044f\u0441\u0430\u0442\u044b\u043d \u0436\u0430\u0440\u0438\u044f\u043b\u0430\u0443 \u0430\u0440\u049b\u044b\u043b\u044b \u043a\u0435\u0437 \u043a\u0435\u043b\u0433\u0435\u043d \u04e9\u0437\u0433\u0435\u0440\u0456\u0441\u0442\u0435\u0440 \u0442\u0443\u0440\u0430\u043b\u044b \u0445\u0430\u0431\u0430\u0440\u043b\u0430\u0439\u043c\u044b\u0437.<\/li>\n\n\n\n<li>\u0411\u0430\u0439\u043b\u0430\u043d\u044b\u0441 \u041e\u0441\u044b \u049a\u04b1\u043f\u0438\u044f\u043b\u044b\u049b \u0441\u0430\u044f\u0441\u0430\u0442\u044b \u0442\u0443\u0440\u0430\u043b\u044b \u0441\u04b1\u0440\u0430\u049b\u0442\u0430\u0440\u044b\u04a3\u044b\u0437 \u0431\u043e\u043b\u0441\u0430, \u0431\u0456\u0437\u0433\u0435 \u0445\u0430\u0431\u0430\u0440\u043b\u0430\u0441\u044b\u04a3\u044b\u0437.<\/li>\n<\/ol>","protected":false},"excerpt":{"rendered":"<p>Bem-vindo ao Geeksmob. Esta pol\u00edtica de privacidade descreve como coletamos, usamos e compartilhamos informa\u00e7\u00f5es sobre voc\u00ea quando acessa ou usa nosso site. Fornecer, manter e melhorar nosso site e servi\u00e7os. Comunicar-nos com voc\u00ea, responder suas perguntas e solicita\u00e7\u00f5es. Exibir an\u00fancios personalizados e realizar an\u00e1lises de dados. Fornecedores de Servi\u00e7os: Compartilhamos informa\u00e7\u00f5es com fornecedores que nos [&hellip;]<\/p>\n","protected":false},"author":1,"featured_media":0,"parent":0,"menu_order":0,"comment_status":"closed","ping_status":"closed","template":"","meta":{"footnotes":""},"class_list":["post-362","page","type-page","status-publish"],"_links":{"self":[{"href":"https:\/\/geeksmob.com\/kk\/wp-json\/wp\/v2\/pages\/362","targetHints":{"allow":["GET"]}}],"collection":[{"href":"https:\/\/geeksmob.com\/kk\/wp-json\/wp\/v2\/pages"}],"about":[{"href":"https:\/\/geeksmob.com\/kk\/wp-json\/wp\/v2\/types\/page"}],"author":[{"embeddable":true,"href":"https:\/\/geeksmob.com\/kk\/wp-json\/wp\/v2\/users\/1"}],"replies":[{"embeddable":true,"href":"https:\/\/geeksmob.com\/kk\/wp-json\/wp\/v2\/comments?post=362"}],"version-history":[{"count":1,"href":"https:\/\/geeksmob.com\/kk\/wp-json\/wp\/v2\/pages\/362\/revisions"}],"predecessor-version":[{"id":363,"href":"https:\/\/geeksmob.com\/kk\/wp-json\/wp\/v2\/pages\/362\/revisions\/363"}],"wp:attachment":[{"href":"https:\/\/geeksmob.com\/kk\/wp-json\/wp\/v2\/media?parent=362"}],"curies":[{"name":"wp","href":"https:\/\/api.w.org\/{rel}","templated":true}]}}