{"id":364,"date":"2024-03-13T02:44:44","date_gmt":"2024-03-13T02:44:44","guid":{"rendered":"https:\/\/geeksmob.com\/?page_id=364"},"modified":"2024-03-13T02:44:45","modified_gmt":"2024-03-13T02:44:45","slug":"%ec%9d%b4%ec%9a%a9-%ec%95%bd%ea%b4%80","status":"publish","type":"page","link":"https:\/\/geeksmob.com\/ko\/termos-de-uso\/","title":{"rendered":"\uc774\uc6a9\uc57d\uad00"},"content":{"rendered":"<p>\uc774 \uc6f9\uc0ac\uc774\ud2b8\ub97c \uacc4\uc18d \ud0d0\uc0c9\ud558\uace0 \uc0ac\uc6a9\ud558\ub294 \uacbd\uc6b0, \uadc0\ud558\ub294 \ub2f9\uc0ac\uc758 \uac1c\uc778\uc815\ubcf4 \ubcf4\ud638\uc815\ucc45\uacfc \ud568\uaed8 Geeksmob\uacfc \uadc0\ud558\uc758 \uad00\uacc4\uc5d0 \uc801\uc6a9\ub418\ub294 \ub2e4\uc74c \uc774\uc6a9 \uc57d\uad00\uc744 \uc900\uc218\ud558\uace0 \uc774\uc5d0 \uad6c\uc18d\ub41c\ub2e4\ub294 \ub370 \ub3d9\uc758\ud558\ub294 \uac83\uc785\ub2c8\ub2e4.<\/p>\n\n\n\n<p>\ubcf8 \uc774\uc6a9 \uc57d\uad00\uc758 \uc77c\ubd80\uc5d0 \ub3d9\uc758\ud558\uc9c0 \uc54a\ub294 \uacbd\uc6b0 \ub2f9\uc0ac \uc6f9\uc0ac\uc774\ud2b8\ub97c \uc774\uc6a9\ud558\uc9c0 \ub9c8\uc2ed\uc2dc\uc624.<\/p>\n\n\n\n<p>\uc774 \uc6f9\uc0ac\uc774\ud2b8\uc758 \uc0ac\uc6a9\uc5d0\ub294 \ub2e4\uc74c \uc774\uc6a9\uc57d\uad00\uc774 \uc801\uc6a9\ub429\ub2c8\ub2e4:<\/p>\n\n\n\n<p>\uc774 \uc6f9\uc0ac\uc774\ud2b8 \ud398\uc774\uc9c0\uc758 \ub0b4\uc6a9\uc740 \uadc0\ud558\uc758 \uc77c\ubc18\uc801\uc778 \uc815\ubcf4 \uc81c\uacf5 \ubc0f \uc0ac\uc6a9\uc744 \uc704\ud55c \uac83\uc785\ub2c8\ub2e4. \uc608\uace0 \uc5c6\uc774 \ubcc0\uacbd\ub420 \uc218 \uc788\uc2b5\ub2c8\ub2e4. \ub2f9\uc0ac\ub098 \uc81c3\uc790 \ubaa8\ub450 \ud2b9\uc815 \ubaa9\uc801\uc744 \uc704\ud574 \uc774 \uc6f9\uc0ac\uc774\ud2b8\uc5d0\uc11c \ucc3e\uac70\ub098 \uc81c\uacf5\ud558\ub294 \uc815\ubcf4 \ubc0f \uc790\ub8cc\uc758 \uc815\ud655\uc131, \uc801\uc2dc\uc131, \uc131\ub2a5, \uc644\uc804\uc131 \ub610\ub294 \uc801\ud569\uc131\uc5d0 \ub300\ud574 \uc5b4\ub5a0\ud55c \ubcf4\uc99d\uc774\ub098 \ubcf4\uc99d\ub3c4 \uc81c\uacf5\ud558\uc9c0 \uc54a\uc2b5\ub2c8\ub2e4. \ubcf8 \uc6f9\uc0ac\uc774\ud2b8\uc758 \uc815\ubcf4\ub098 \uc790\ub8cc\ub97c \uc0ac\uc6a9\ud558\ub294 \ub370 \ub530\ub978 \uc704\ud5d8\uc740 \uc804\uc801\uc73c\ub85c \uadc0\ud558\uc758 \ucc45\uc784\uc774\uba70 \ub2f9\uc0ac\ub294 \uc774\uc5d0 \ub300\ud574 \ucc45\uc784\uc744 \uc9c0\uc9c0 \uc54a\uc2b5\ub2c8\ub2e4. \ub54c\ub54c\ub85c \uc774 \uc6f9\uc0ac\uc774\ud2b8\uc5d0\ub294 \ub2e4\ub978 \uc6f9\uc0ac\uc774\ud2b8\uc5d0 \ub300\ud55c \ub9c1\ud06c\uac00 \ud3ec\ud568\ub420 \uc218\ub3c4 \uc788\uc2b5\ub2c8\ub2e4. \uc774\ub7ec\ud55c \ub9c1\ud06c\ub294 \uadc0\ud558\uc758 \ud3b8\uc758\ub97c \uc704\ud574 \ucd94\uac00 \uc815\ubcf4\ub97c \uc81c\uacf5\ud558\uae30 \uc704\ud574 \uc81c\uacf5\ub429\ub2c8\ub2e4. \ub2f9\uc0ac\ub294 \ub9c1\ud06c\ub41c \uc6f9\uc0ac\uc774\ud2b8\uc758 \ub0b4\uc6a9\uc5d0 \ub300\ud574 \ucc45\uc784\uc744 \uc9c0\uc9c0 \uc54a\uc2b5\ub2c8\ub2e4.<\/p>","protected":false},"excerpt":{"rendered":"<p>Se voc\u00ea continuar navegando e usando este site, concorda em cumprir e ficar vinculado aos seguintes termos e condi\u00e7\u00f5es de uso, que, juntamente com nossa pol\u00edtica de privacidade, regem o relacionamento do Geeksmob com voc\u00ea. Se voc\u00ea discordar de qualquer parte destes termos e condi\u00e7\u00f5es, n\u00e3o use nosso site. O uso deste site est\u00e1 sujeito [&hellip;]<\/p>\n","protected":false},"author":1,"featured_media":0,"parent":0,"menu_order":0,"comment_status":"closed","ping_status":"closed","template":"","meta":{"footnotes":""},"class_list":["post-364","page","type-page","status-publish"],"_links":{"self":[{"href":"https:\/\/geeksmob.com\/ko\/wp-json\/wp\/v2\/pages\/364","targetHints":{"allow":["GET"]}}],"collection":[{"href":"https:\/\/geeksmob.com\/ko\/wp-json\/wp\/v2\/pages"}],"about":[{"href":"https:\/\/geeksmob.com\/ko\/wp-json\/wp\/v2\/types\/page"}],"author":[{"embeddable":true,"href":"https:\/\/geeksmob.com\/ko\/wp-json\/wp\/v2\/users\/1"}],"replies":[{"embeddable":true,"href":"https:\/\/geeksmob.com\/ko\/wp-json\/wp\/v2\/comments?post=364"}],"version-history":[{"count":1,"href":"https:\/\/geeksmob.com\/ko\/wp-json\/wp\/v2\/pages\/364\/revisions"}],"predecessor-version":[{"id":365,"href":"https:\/\/geeksmob.com\/ko\/wp-json\/wp\/v2\/pages\/364\/revisions\/365"}],"wp:attachment":[{"href":"https:\/\/geeksmob.com\/ko\/wp-json\/wp\/v2\/media?parent=364"}],"curies":[{"name":"\uc6cc\ub4dc\ud504\ub808\uc2a4","href":"https:\/\/api.w.org\/{rel}","templated":true}]}}