{"id":364,"date":"2024-03-13T02:44:44","date_gmt":"2024-03-13T02:44:44","guid":{"rendered":"https:\/\/geeksmob.com\/?page_id=364"},"modified":"2024-03-13T02:44:45","modified_gmt":"2024-03-13T02:44:45","slug":"villkor","status":"publish","type":"page","link":"https:\/\/geeksmob.com\/sv\/termos-de-uso\/","title":{"rendered":"Villkor"},"content":{"rendered":"<p>Om du forts\u00e4tter att surfa och anv\u00e4nda denna webbplats, samtycker du till att f\u00f6lja och vara bunden av f\u00f6ljande anv\u00e4ndarvillkor, som tillsammans med v\u00e5r integritetspolicy styr Geeksmobs relation med dig.<\/p>\n\n\n\n<p>Om du inte h\u00e5ller med om n\u00e5gon del av dessa villkor, anv\u00e4nd inte v\u00e5r webbplats.<\/p>\n\n\n\n<p>Anv\u00e4ndningen av denna webbplats \u00e4r f\u00f6rem\u00e5l f\u00f6r f\u00f6ljande anv\u00e4ndarvillkor:<\/p>\n\n\n\n<p>Inneh\u00e5llet p\u00e5 sidorna p\u00e5 denna webbplats \u00e4r endast f\u00f6r din allm\u00e4nna information och anv\u00e4ndning. Det kan \u00e4ndras utan f\u00f6reg\u00e5ende meddelande. Varken vi eller n\u00e5gon tredje part ger n\u00e5gra garantier eller garantier f\u00f6r riktigheten, aktualitet, prestanda, fullst\u00e4ndighet eller l\u00e4mplighet f\u00f6r informationen och materialet som finns eller erbjuds p\u00e5 denna webbplats f\u00f6r n\u00e5got speciellt \u00e4ndam\u00e5l. Din anv\u00e4ndning av all information eller material p\u00e5 denna webbplats sker helt p\u00e5 egen risk, vilket vi inte \u00e4r ansvariga f\u00f6r. D\u00e5 och d\u00e5 kan denna webbplats \u00e4ven inneh\u00e5lla l\u00e4nkar till andra webbplatser. Dessa l\u00e4nkar tillhandah\u00e5lls f\u00f6r din bekv\u00e4mlighet f\u00f6r att ge ytterligare information. Vi har inget ansvar f\u00f6r inneh\u00e5llet p\u00e5 de l\u00e4nkade webbplatserna.<\/p>","protected":false},"excerpt":{"rendered":"<p>Se voc\u00ea continuar navegando e usando este site, concorda em cumprir e ficar vinculado aos seguintes termos e condi\u00e7\u00f5es de uso, que, juntamente com nossa pol\u00edtica de privacidade, regem o relacionamento do Geeksmob com voc\u00ea. Se voc\u00ea discordar de qualquer parte destes termos e condi\u00e7\u00f5es, n\u00e3o use nosso site. O uso deste site est\u00e1 sujeito [&hellip;]<\/p>\n","protected":false},"author":1,"featured_media":0,"parent":0,"menu_order":0,"comment_status":"closed","ping_status":"closed","template":"","meta":{"footnotes":""},"class_list":["post-364","page","type-page","status-publish"],"_links":{"self":[{"href":"https:\/\/geeksmob.com\/sv\/wp-json\/wp\/v2\/pages\/364","targetHints":{"allow":["GET"]}}],"collection":[{"href":"https:\/\/geeksmob.com\/sv\/wp-json\/wp\/v2\/pages"}],"about":[{"href":"https:\/\/geeksmob.com\/sv\/wp-json\/wp\/v2\/types\/page"}],"author":[{"embeddable":true,"href":"https:\/\/geeksmob.com\/sv\/wp-json\/wp\/v2\/users\/1"}],"replies":[{"embeddable":true,"href":"https:\/\/geeksmob.com\/sv\/wp-json\/wp\/v2\/comments?post=364"}],"version-history":[{"count":1,"href":"https:\/\/geeksmob.com\/sv\/wp-json\/wp\/v2\/pages\/364\/revisions"}],"predecessor-version":[{"id":365,"href":"https:\/\/geeksmob.com\/sv\/wp-json\/wp\/v2\/pages\/364\/revisions\/365"}],"wp:attachment":[{"href":"https:\/\/geeksmob.com\/sv\/wp-json\/wp\/v2\/media?parent=364"}],"curies":[{"name":"wp","href":"https:\/\/api.w.org\/{rel}","templated":true}]}}