{"id":364,"date":"2024-03-13T02:44:44","date_gmt":"2024-03-13T02:44:44","guid":{"rendered":"https:\/\/geeksmob.com\/?page_id=364"},"modified":"2024-03-13T02:44:45","modified_gmt":"2024-03-13T02:44:45","slug":"%e4%bd%bf%e7%94%a8%e6%9d%a1%e6%ac%be","status":"publish","type":"page","link":"https:\/\/geeksmob.com\/zh_ms\/termos-de-uso\/","title":{"rendered":"\u4f7f\u7528\u6761\u6b3e"},"content":{"rendered":"<p>\u5982\u679c\u60a8\u7ee7\u7eed\u6d4f\u89c8\u548c\u4f7f\u7528\u672c\u7f51\u7ad9\uff0c\u5373\u8868\u793a\u60a8\u540c\u610f\u9075\u5b88\u4ee5\u4e0b\u4f7f\u7528\u6761\u6b3e\u548c\u6761\u4ef6\u5e76\u53d7\u5176\u7ea6\u675f\uff0c\u8fd9\u4e9b\u6761\u6b3e\u548c\u6761\u4ef6\u4e0e\u6211\u4eec\u7684\u9690\u79c1\u653f\u7b56\u4e00\u8d77\u7ba1\u8f96 Geeksmob \u4e0e\u60a8\u7684\u5173\u7cfb\u3002<\/p>\n\n\n\n<p>\u5982\u679c\u60a8\u4e0d\u540c\u610f\u8fd9\u4e9b\u6761\u6b3e\u548c\u6761\u4ef6\u7684\u4efb\u4f55\u90e8\u5206\uff0c\u8bf7\u52ff\u4f7f\u7528\u6211\u4eec\u7684\u7f51\u7ad9\u3002<\/p>\n\n\n\n<p>\u4f7f\u7528\u672c\u7f51\u7ad9\u987b\u9075\u5b88\u4ee5\u4e0b\u4f7f\u7528\u6761\u6b3e\uff1a<\/p>\n\n\n\n<p>\u672c\u7f51\u7ad9\u9875\u9762\u7684\u5185\u5bb9\u4ec5\u4f9b\u60a8\u4e00\u822c\u53c2\u8003\u548c\u4f7f\u7528\u3002\u5b83\u53ef\u968f\u65f6\u66f4\u6539\uff0c\u6055\u4e0d\u53e6\u884c\u901a\u77e5\u3002\u6211\u4eec\u6216\u4efb\u4f55\u7b2c\u4e09\u65b9\u5747\u4e0d\u5bf9\u672c\u7f51\u7ad9\u4e0a\u51fa\u4e8e\u4efb\u4f55\u7279\u5b9a\u76ee\u7684\u800c\u53d1\u73b0\u6216\u63d0\u4f9b\u7684\u4fe1\u606f\u548c\u6750\u6599\u7684\u51c6\u786e\u6027\u3001\u53ca\u65f6\u6027\u3001\u6027\u80fd\u3001\u5b8c\u6574\u6027\u6216\u9002\u7528\u6027\u63d0\u4f9b\u4efb\u4f55\u4fdd\u8bc1\u6216\u4fdd\u8bc1\u3002\u60a8\u4f7f\u7528\u672c\u7f51\u7ad9\u4e0a\u7684\u4efb\u4f55\u4fe1\u606f\u6216\u6750\u6599\u7684\u98ce\u9669\u5b8c\u5168\u7531\u60a8\u81ea\u884c\u627f\u62c5\uff0c\u6211\u4eec\u5bf9\u6b64\u4e0d\u627f\u62c5\u4efb\u4f55\u8d23\u4efb\u3002\u672c\u7f51\u7ad9\u6709\u65f6\u8fd8\u53ef\u80fd\u5305\u542b\u5176\u4ed6\u7f51\u7ad9\u7684\u94fe\u63a5\u3002\u63d0\u4f9b\u8fd9\u4e9b\u94fe\u63a5\u662f\u4e3a\u4e86\u65b9\u4fbf\u60a8\u63d0\u4f9b\u66f4\u591a\u4fe1\u606f\u3002\u6211\u4eec\u5bf9\u94fe\u63a5\u7f51\u7ad9\u7684\u5185\u5bb9\u4e0d\u627f\u62c5\u4efb\u4f55\u8d23\u4efb\u3002<\/p>","protected":false},"excerpt":{"rendered":"<p>Se voc\u00ea continuar navegando e usando este site, concorda em cumprir e ficar vinculado aos seguintes termos e condi\u00e7\u00f5es de uso, que, juntamente com nossa pol\u00edtica de privacidade, regem o relacionamento do Geeksmob com voc\u00ea. Se voc\u00ea discordar de qualquer parte destes termos e condi\u00e7\u00f5es, n\u00e3o use nosso site. O uso deste site est\u00e1 sujeito [&hellip;]<\/p>\n","protected":false},"author":1,"featured_media":0,"parent":0,"menu_order":0,"comment_status":"closed","ping_status":"closed","template":"","meta":{"footnotes":""},"class_list":["post-364","page","type-page","status-publish"],"_links":{"self":[{"href":"https:\/\/geeksmob.com\/zh_ms\/wp-json\/wp\/v2\/pages\/364","targetHints":{"allow":["GET"]}}],"collection":[{"href":"https:\/\/geeksmob.com\/zh_ms\/wp-json\/wp\/v2\/pages"}],"about":[{"href":"https:\/\/geeksmob.com\/zh_ms\/wp-json\/wp\/v2\/types\/page"}],"author":[{"embeddable":true,"href":"https:\/\/geeksmob.com\/zh_ms\/wp-json\/wp\/v2\/users\/1"}],"replies":[{"embeddable":true,"href":"https:\/\/geeksmob.com\/zh_ms\/wp-json\/wp\/v2\/comments?post=364"}],"version-history":[{"count":1,"href":"https:\/\/geeksmob.com\/zh_ms\/wp-json\/wp\/v2\/pages\/364\/revisions"}],"predecessor-version":[{"id":365,"href":"https:\/\/geeksmob.com\/zh_ms\/wp-json\/wp\/v2\/pages\/364\/revisions\/365"}],"wp:attachment":[{"href":"https:\/\/geeksmob.com\/zh_ms\/wp-json\/wp\/v2\/media?parent=364"}],"curies":[{"name":"\u53ef\u6e7f\u6027\u7c89\u5242","href":"https:\/\/api.w.org\/{rel}","templated":true}]}}